{"id":481,"date":"2016-01-12T15:40:37","date_gmt":"2016-01-12T14:40:37","guid":{"rendered":"http:\/\/greatmotors.net\/?page_id=481"},"modified":"2016-12-16T08:32:40","modified_gmt":"2016-12-16T07:32:40","slug":"team","status":"publish","type":"page","link":"https:\/\/greatmotors.net\/en\/team\/","title":{"rendered":"Team"},"content":{"rendered":"<div class=\"row\">\n<div class=\"col-xs-12 col-lg-3\">\n<h2>We listen to you and only do what you require<\/h2>\n<hr \/>\n<p>We are backed by 15 years in the automobile world. We are a young team committed to providing a quality service that is professional and close to hand.<\/p>\n<p>We undergo constant training in all automobile disciplines and technical developments, which, together with the most advanced diagnostics systems, allows us to be more efficient and achieve a more appropriate cost for each repair.<\/p>\n<p>Before carrying out a complex repair we analyse each case thoroughly, so we can advise you on the best options, providing you with the peace of mind that comes from knowing that we will only do what is necessary to put the fault right properly.<\/p>\n<p>Our repairs are guaranteed on a European level throughout the entire Bosch Car Service network.<\/p>\n<p>At Great Motors we are the workshop for things that are done well.<\/p>\n<p><strong>Pere Bonet<\/strong><br \/>\nManager of Great Motors<br \/>\n<div class=\"woo-sc-divider\"><\/div><\/p>\n<\/div>\n<div class=\"col-xs-12 col-lg-9\">\n<h2>Our team<\/h2>\n<div class=\"row\">\n<div class=\"col-xs-12 col-sm-6\">\n<div class=\"equip\">\n<p><img loading=\"lazy\" decoding=\"async\" class=\"alignnone size-full wp-image-176\" src=\"http:\/\/greatmotors.net\/wp\/wp-content\/uploads\/2015\/07\/equip-pere.jpg\" alt=\"equip-pere\" width=\"150\" height=\"100\" \/><\/p>\n<div class=\"nom\"><strong>Pere Bonet<\/strong><br \/>\nManager<\/p>\n<div class=\"firma pere\"><\/div>\n<\/div>\n<\/div>\n<div class=\"llista\">\n<p>15 years\u2019 experience in the automobile sector.<\/p>\n<p>Digital hydraulics technician.<\/p>\n<p>Expert in the latest generation of automatic gearboxes.<\/p>\n<p>Bosch System technician.<\/p>\n<p>Hybrid propulsion system technician.<\/p>\n<p>Technician for both diesel and petrol injection systems.<\/p>\n<\/div>\n<div class=\"woo-sc-divider\"><\/div>\n<\/div>\n<div class=\"col-xs-12 col-sm-6\">\n<div class=\"equip\">\n<p><img loading=\"lazy\" decoding=\"async\" class=\"alignnone size-full wp-image-178\" src=\"http:\/\/greatmotors.net\/wp\/wp-content\/uploads\/2015\/07\/equip-maria.jpg\" alt=\"equip-maria\" width=\"150\" height=\"100\" \/><\/p>\n<div class=\"nom\"><strong>Maria Puig<\/strong><br \/>\nHead of administration<\/p>\n<div class=\"firma maria\"><\/div>\n<\/div>\n<\/div>\n<div class=\"llista\">\n<p>15 years\u2019 experience in the automobile sector.<\/p>\n<p>Constant training in the administrative area by Robert Bosch.<\/p>\n<\/div>\n<div class=\"woo-sc-divider\"><\/div>\n<\/div>\n<\/div>\n<div class=\"row\">\n<div class=\"col-xs-12 col-sm-6\">\n<div class=\"equip\">\n<p><img loading=\"lazy\" decoding=\"async\" class=\"alignnone size-full wp-image-184\" src=\"http:\/\/greatmotors.net\/wp\/wp-content\/uploads\/2015\/07\/equip-toni.jpg\" alt=\"equip-ricard\" width=\"150\" height=\"100\" \/><\/p>\n<div class=\"nom\"><strong>Toni Roma<\/strong><br \/>\nTechnician<\/p>\n<div class=\"firma toni\"><\/div>\n<\/div>\n<\/div>\n<div class=\"llista\">\n<p>10 years\u2019 experience in competition running support teams.<\/p>\n<p>Formula WRC and GT teams with Ferrari.<\/p>\n<p>Technician with experience in automatic gearboxes of all kinds.<\/p>\n<p>Training in smart suspensions.<\/p>\n<p>Technician specialising in high-performance vehicles.<\/p>\n<p>Specialist in machining in different materials and finishes.<\/p>\n<\/div>\n<div class=\"woo-sc-divider\"><\/div>\n<\/div>\n<div class=\"col-xs-12 col-sm-6\">\n<div class=\"equip\">\n<p><img loading=\"lazy\" decoding=\"async\" class=\"alignnone size-full wp-image-187\" src=\"http:\/\/greatmotors.net\/wp\/wp-content\/uploads\/2015\/07\/equip-santi.jpg\" alt=\"equip-santi\" width=\"150\" height=\"100\" \/><\/p>\n<div class=\"nom\"><strong>Santi Par\u00e9s<\/strong><br \/>\nQuality Control \/ External Sales<\/p>\n<div class=\"firma santi\"><\/div>\n<\/div>\n<\/div>\n<div class=\"llista\">\n<p>Training in various fields in both sales and after-sales.<\/p>\n<p>Over 20 years\u2019 experience in the sales field as a technical sales representative.<\/p>\n<\/div>\n<div class=\"woo-sc-divider\"><\/div>\n<\/div>\n<\/div>\n<div class=\"row\">\n<div class=\"col-xs-12 col-sm-6\">\n<div class=\"equip\">\n<p><img loading=\"lazy\" decoding=\"async\" src=\"http:\/\/greatmotors.net\/wp\/wp-content\/uploads\/2015\/07\/equip.gif\" alt=\"equip\" width=\"150\" height=\"100\" class=\"alignnone size-full wp-image-541\" \/><\/p>\n<div class=\"nom\"><strong>Josep M. Tor<\/strong><br \/>\nTechnician<\/div>\n<\/div>\n<div class=\"llista\">\n<p>More than 30 years of experience in mechanics.<\/p>\n<p>10 years first official mechanic at SEAT in Vic town.<\/p>\n<p>12 years first official mechanic at Auto Diesel Vic, injection systems specialist.<\/p>\n<\/div>\n<div class=\"woo-sc-divider\"><\/div>\n<\/div>\n<div class=\"col-xs-12 col-sm-6\">\n<div class=\"equip\">\n<p><img loading=\"lazy\" decoding=\"async\" src=\"http:\/\/greatmotors.net\/wp\/wp-content\/uploads\/2015\/07\/equip.gif\" alt=\"equip\" width=\"150\" height=\"100\" class=\"alignnone size-full wp-image-541\" \/><\/p>\n<div class=\"nom\"><strong>Mohsine Niba<\/strong><br \/>\nTechnician<\/div>\n<\/div>\n<div class=\"llista\">\n<p>Mechanic licensed interm\u00e9diate-grade at school Centre T\u00e9cnic Vall\u00e9s (Barcelona).<\/p>\n<p>Mechanical top grade at school I.E.S. Mollet (Barcelona).<\/p>\n<p>Licensed in electro mechanic and mechanic at cars.<\/p>\n<\/div>\n<div class=\"woo-sc-divider\"><\/div>\n<\/div>\n<\/div>\n<div class=\"row\">\n<div class=\"col-xs-12 col-sm-6\">\n<div class=\"equip\">\n<p><img loading=\"lazy\" decoding=\"async\" src=\"http:\/\/greatmotors.net\/wp\/wp-content\/uploads\/2015\/07\/equip.gif\" alt=\"equip\" width=\"150\" height=\"100\" class=\"alignnone size-full wp-image-541\" \/><\/p>\n<div class=\"nom\"><strong>Esther Hidalgo<\/strong><br \/>\nTeam Coordinator \/ Service Advicer<\/div>\n<\/div>\n<div class=\"llista\">\n<p>More than 13 years of experience at Post-Sales in Automotive Sector.<\/p>\n<p>Head of workshop in Renault Sport, Olot town (Gerona).<\/p>\n<p>Post-Sales service advisor in Volkswagen with maintenance and automotive repairs, air conditioning, electronic, App-Conect with certification.<\/p>\n<p>Technic driving course at Volkswagen World Race Tour.<\/p>\n<p>Tire Specialist advice.<\/p>\n<\/div>\n<div class=\"woo-sc-divider\"><\/div>\n<\/div>\n<div class=\"col-xs-12 col-sm-6\"><\/div>\n<\/div>\n<\/div>\n","protected":false},"excerpt":{"rendered":"<p>We listen to you and only do what you require We are backed by 15 years in the automobile world. We are a young team committed to providing a quality service that is professional and close to hand. We undergo [&hellip;]<\/p>\n","protected":false},"author":1,"featured_media":0,"parent":0,"menu_order":0,"comment_status":"closed","ping_status":"closed","template":"template-biz.php","meta":{"_mi_skip_tracking":false,"footnotes":""},"class_list":["post-481","page","type-page","status-publish","hentry"],"yoast_head":"<!-- This site is optimized with the Yoast SEO plugin v19.10 - https:\/\/yoast.com\/wordpress\/plugins\/seo\/ -->\n<title>Team - Great Motors<\/title>\n<meta name=\"robots\" content=\"index, follow, max-snippet:-1, max-image-preview:large, max-video-preview:-1\" \/>\n<link rel=\"canonical\" href=\"https:\/\/greatmotors.net\/en\/team\/\" \/>\n<meta property=\"og:locale\" content=\"en_US\" \/>\n<meta property=\"og:type\" content=\"article\" \/>\n<meta property=\"og:title\" content=\"Team - Great Motors\" \/>\n<meta property=\"og:description\" content=\"We listen to you and only do what you require We are backed by 15 years in the automobile world. We are a young team committed to providing a quality service that is professional and close to hand. We undergo [&hellip;]\" \/>\n<meta property=\"og:url\" content=\"https:\/\/greatmotors.net\/en\/team\/\" \/>\n<meta property=\"og:site_name\" content=\"Great Motors\" \/>\n<meta property=\"article:publisher\" content=\"https:\/\/www.facebook.com\/GreatMotor\/\" \/>\n<meta property=\"article:modified_time\" content=\"2016-12-16T07:32:40+00:00\" \/>\n<meta property=\"og:image\" content=\"http:\/\/greatmotors.net\/wp\/wp-content\/uploads\/2015\/07\/equip-pere.jpg\" \/>\n<meta name=\"twitter:card\" content=\"summary_large_image\" \/>\n<meta name=\"twitter:label1\" content=\"Est. reading time\" \/>\n\t<meta name=\"twitter:data1\" content=\"2 minutes\" \/>\n<script type=\"application\/ld+json\" class=\"yoast-schema-graph\">{\"@context\":\"https:\/\/schema.org\",\"@graph\":[{\"@type\":\"WebPage\",\"@id\":\"https:\/\/greatmotors.net\/en\/team\/\",\"url\":\"https:\/\/greatmotors.net\/en\/team\/\",\"name\":\"Team - Great Motors\",\"isPartOf\":{\"@id\":\"https:\/\/greatmotors.net\/#website\"},\"datePublished\":\"2016-01-12T14:40:37+00:00\",\"dateModified\":\"2016-12-16T07:32:40+00:00\",\"breadcrumb\":{\"@id\":\"https:\/\/greatmotors.net\/en\/team\/#breadcrumb\"},\"inLanguage\":\"en-US\",\"potentialAction\":[{\"@type\":\"ReadAction\",\"target\":[\"https:\/\/greatmotors.net\/en\/team\/\"]}]},{\"@type\":\"BreadcrumbList\",\"@id\":\"https:\/\/greatmotors.net\/en\/team\/#breadcrumb\",\"itemListElement\":[{\"@type\":\"ListItem\",\"position\":1,\"name\":\"Inici\",\"item\":\"https:\/\/greatmotors.net\/en\/\"},{\"@type\":\"ListItem\",\"position\":2,\"name\":\"Team\"}]},{\"@type\":\"WebSite\",\"@id\":\"https:\/\/greatmotors.net\/#website\",\"url\":\"https:\/\/greatmotors.net\/\",\"name\":\"Great Motors\",\"description\":\"\",\"potentialAction\":[{\"@type\":\"SearchAction\",\"target\":{\"@type\":\"EntryPoint\",\"urlTemplate\":\"https:\/\/greatmotors.net\/?s={search_term_string}\"},\"query-input\":\"required name=search_term_string\"}],\"inLanguage\":\"en-US\"}]}<\/script>\n<!-- \/ Yoast SEO plugin. -->","yoast_head_json":{"title":"Team - Great Motors","robots":{"index":"index","follow":"follow","max-snippet":"max-snippet:-1","max-image-preview":"max-image-preview:large","max-video-preview":"max-video-preview:-1"},"canonical":"https:\/\/greatmotors.net\/en\/team\/","og_locale":"en_US","og_type":"article","og_title":"Team - Great Motors","og_description":"We listen to you and only do what you require We are backed by 15 years in the automobile world. We are a young team committed to providing a quality service that is professional and close to hand. We undergo [&hellip;]","og_url":"https:\/\/greatmotors.net\/en\/team\/","og_site_name":"Great Motors","article_publisher":"https:\/\/www.facebook.com\/GreatMotor\/","article_modified_time":"2016-12-16T07:32:40+00:00","og_image":[{"url":"http:\/\/greatmotors.net\/wp\/wp-content\/uploads\/2015\/07\/equip-pere.jpg"}],"twitter_card":"summary_large_image","twitter_misc":{"Est. reading time":"2 minutes"},"schema":{"@context":"https:\/\/schema.org","@graph":[{"@type":"WebPage","@id":"https:\/\/greatmotors.net\/en\/team\/","url":"https:\/\/greatmotors.net\/en\/team\/","name":"Team - Great Motors","isPartOf":{"@id":"https:\/\/greatmotors.net\/#website"},"datePublished":"2016-01-12T14:40:37+00:00","dateModified":"2016-12-16T07:32:40+00:00","breadcrumb":{"@id":"https:\/\/greatmotors.net\/en\/team\/#breadcrumb"},"inLanguage":"en-US","potentialAction":[{"@type":"ReadAction","target":["https:\/\/greatmotors.net\/en\/team\/"]}]},{"@type":"BreadcrumbList","@id":"https:\/\/greatmotors.net\/en\/team\/#breadcrumb","itemListElement":[{"@type":"ListItem","position":1,"name":"Inici","item":"https:\/\/greatmotors.net\/en\/"},{"@type":"ListItem","position":2,"name":"Team"}]},{"@type":"WebSite","@id":"https:\/\/greatmotors.net\/#website","url":"https:\/\/greatmotors.net\/","name":"Great Motors","description":"","potentialAction":[{"@type":"SearchAction","target":{"@type":"EntryPoint","urlTemplate":"https:\/\/greatmotors.net\/?s={search_term_string}"},"query-input":"required name=search_term_string"}],"inLanguage":"en-US"}]}},"_links":{"self":[{"href":"https:\/\/greatmotors.net\/en\/wp-json\/wp\/v2\/pages\/481","targetHints":{"allow":["GET"]}}],"collection":[{"href":"https:\/\/greatmotors.net\/en\/wp-json\/wp\/v2\/pages"}],"about":[{"href":"https:\/\/greatmotors.net\/en\/wp-json\/wp\/v2\/types\/page"}],"author":[{"embeddable":true,"href":"https:\/\/greatmotors.net\/en\/wp-json\/wp\/v2\/users\/1"}],"replies":[{"embeddable":true,"href":"https:\/\/greatmotors.net\/en\/wp-json\/wp\/v2\/comments?post=481"}],"version-history":[{"count":5,"href":"https:\/\/greatmotors.net\/en\/wp-json\/wp\/v2\/pages\/481\/revisions"}],"predecessor-version":[{"id":558,"href":"https:\/\/greatmotors.net\/en\/wp-json\/wp\/v2\/pages\/481\/revisions\/558"}],"wp:attachment":[{"href":"https:\/\/greatmotors.net\/en\/wp-json\/wp\/v2\/media?parent=481"}],"curies":[{"name":"wp","href":"https:\/\/api.w.org\/{rel}","templated":true}]}}