{"id":305,"date":"2015-10-15T11:27:24","date_gmt":"2015-10-15T09:27:24","guid":{"rendered":"http:\/\/greatmotors.net\/wp\/es\/?page_id=305"},"modified":"2015-10-15T11:27:24","modified_gmt":"2015-10-15T09:27:24","slug":"politica-de-cookies","status":"publish","type":"page","link":"https:\/\/greatmotors.net\/es\/politica-de-cookies\/","title":{"rendered":"Pol\u00edtica de cookies"},"content":{"rendered":"<div class=\"woo-sc-divider\"><\/div>\n<h1>Pol\u00edtica de cookies<\/h1>\n<p>Una Cookie es un fichero que se descarga en su ordenador al acceder a determinadas p\u00e1ginas web. Las cookies permiten a una p\u00e1gina web, entre otras cosas, almacenar y recuperar informaci\u00f3n sobre los h\u00e1bitos de navegaci\u00f3n de un usuario o de su equipo y, dependiendo de la informaci\u00f3n que contenga y de la forma en que utilice su equipo, pueden utilizarse para reconocer al usuario.<\/p>\n<p>Las cookies son esenciales para el funcionamiento de internet, aportando innumerables ventajas en la prestaci\u00f3n de servicios interactivos, facilit\u00e1ndole la navegaci\u00f3n y usabilidad de nuestra web.\u00a0La informaci\u00f3n que le proporcionamos a continuaci\u00f3n, le ayudar\u00e1 a comprender los diferentes tipos de cookies:<\/p>\n<p><strong>Seg\u00fan la entidad que las gestione<\/strong><\/p>\n<p>Cookies propias: Son aquellas que se recaban por el propio editor para prestar el servicio solicitado por el usuario.<\/p>\n<p>Cookies de tercero: Son aquellas que son recabadas y gestionadas por un tercero, estas no se pueden considerar propias.<\/p>\n<p><strong>Seg\u00fan el plazo de tiempo que permanezcan activadas<\/strong><\/p>\n<p>Cookies de sesi\u00f3n: Recaban datos mientras el usuario navega por la red con la finalidad de prestar el servicio solicitado.<\/p>\n<p>Cookies persistentes: Se almacenan en el terminal y la informaci\u00f3n obtenida, ser\u00e1 utilizada por el responsable de la cookie con la finalidad de prestar el servicio solicitado.<\/p>\n<p><strong>Seg\u00fan su finalidad<\/strong><\/p>\n<p>Cookies t\u00e9cnicas: Son las necesarias para la correcta navegaci\u00f3n por la web.<\/p>\n<p>Cookies de personalizaci\u00f3n: Permiten al usuario las caracter\u00edsticas (idioma) para la navegaci\u00f3n por la website.<\/p>\n<p>Cookies de an\u00e1lisis: Permiten al prestador el an\u00e1lisis vinculado a la navegaci\u00f3n realizada por el usuario, con la finalidad de llevar un seguimiento de uso de la p\u00e1gina web, as\u00ed como realizar estad\u00edsticas de los contenidos m\u00e1s visitados, n\u00famero de visitantes, etc.<\/p>\n<p>Cookies publicitarias: Permiten al editor incluir en la web, espacios publicitarios, seg\u00fan el contenido de la propia web.<\/p>\n<p>Cookies de publicidad comportamental: Permiten al editor incluir en la p\u00e1gina web espacios publicitarios seg\u00fan la informaci\u00f3n obtenida a trav\u00e9s de los h\u00e1bitos de navegaci\u00f3n del usuario.<\/p>\n<p>&nbsp;<\/p>\n<p>Seg\u00fan lo dispuesto en el art\u00edculo 22.2 de la Ley 34\/2002, de 11 de julio, de Servicios de la Sociedad de la Informaci\u00f3n y de Comercio Electr\u00f3nico (LSSI-CE), Great Motors\u00a0informa de las cookies utilizadas en nuestra website: Cookies de an\u00e1lisis de terceros.<\/p>\n<p>Le informamos que el website utiliza Google Analytics, un servicio de anal\u00edtica web prestado por Google Inc., el cual ubica una serie de cookies en su dispositivo con la exclusiva finalidad de evaluar el tipo de navegaci\u00f3n y presentar informes de actividad en la website, exactamente son cuatro cookies por defecto.<\/p>\n<p>La captaci\u00f3n de la informaci\u00f3n sobre el uso de este sitio web por nuestros usuarios a trav\u00e9s de Google Analytics s\u00f3lo la hace Google Inc. en su propio nombre (y no lo hace ni en nuestro nombre ni por nuestra cuenta), no teniendo acceso en ning\u00fan momento a tal informaci\u00f3n (sino tan s\u00f3lo a informaci\u00f3n agregada que le facilita posteriormente Google y que no est\u00e1 asociada a ninguna direcci\u00f3n IP). As\u00ed mismo es Google quien determina la finalidad del tratamiento y uso de la informaci\u00f3n captada, as\u00ed como el funcionamiento y duraci\u00f3n de las cookies. Google Inc. es una empresa adherida al Acuerdo de Puerto Seguro (Ficha de registro de Google en el Acuerdo de Puerto Seguro) que almacena la informaci\u00f3n recogida por las cookies en sus servidores ubicados en Estados Unidos. Las empresas adheridas al citado acuerdo garantizan que los datos transferidos son tratados con un nivel de protecci\u00f3n acorde a la normativa europea.<\/p>\n<p>Asimismo, Great Motors\u00a0informa al usuario de que tiene la posibilidad de configurar su navegador de modo que se le informe de la recepci\u00f3n de cookies, pudiendo, si as\u00ed lo desea, impedir que sean instaladas en su disco duro.<\/p>\n","protected":false},"excerpt":{"rendered":"<p>Pol\u00edtica de cookies Una Cookie es un fichero que se descarga en su ordenador al acceder a determinadas p\u00e1ginas web. Las cookies permiten a una p\u00e1gina web, entre otras cosas, almacenar y recuperar informaci\u00f3n sobre los h\u00e1bitos de navegaci\u00f3n de [&hellip;]<\/p>\n","protected":false},"author":1,"featured_media":0,"parent":0,"menu_order":0,"comment_status":"closed","ping_status":"closed","template":"","meta":{"_mi_skip_tracking":false,"footnotes":""},"class_list":["post-305","page","type-page","status-publish","hentry"],"yoast_head":"<!-- This site is optimized with the Yoast SEO plugin v19.10 - https:\/\/yoast.com\/wordpress\/plugins\/seo\/ -->\n<title>Pol\u00edtica de cookies - Great Motors<\/title>\n<meta name=\"robots\" content=\"index, follow, max-snippet:-1, max-image-preview:large, max-video-preview:-1\" \/>\n<link rel=\"canonical\" href=\"https:\/\/greatmotors.net\/es\/politica-de-cookies\/\" \/>\n<meta property=\"og:locale\" content=\"es_ES\" \/>\n<meta property=\"og:type\" content=\"article\" \/>\n<meta property=\"og:title\" content=\"Pol\u00edtica de cookies - Great Motors\" \/>\n<meta property=\"og:description\" content=\"Pol\u00edtica de cookies Una Cookie es un fichero que se descarga en su ordenador al acceder a determinadas p\u00e1ginas web. Las cookies permiten a una p\u00e1gina web, entre otras cosas, almacenar y recuperar informaci\u00f3n sobre los h\u00e1bitos de navegaci\u00f3n de [&hellip;]\" \/>\n<meta property=\"og:url\" content=\"https:\/\/greatmotors.net\/es\/politica-de-cookies\/\" \/>\n<meta property=\"og:site_name\" content=\"Great Motors\" \/>\n<meta property=\"article:publisher\" content=\"https:\/\/www.facebook.com\/GreatMotor\/\" \/>\n<meta name=\"twitter:card\" content=\"summary_large_image\" \/>\n<meta name=\"twitter:label1\" content=\"Tiempo de lectura\" \/>\n\t<meta name=\"twitter:data1\" content=\"3 minutos\" \/>\n<script type=\"application\/ld+json\" class=\"yoast-schema-graph\">{\"@context\":\"https:\/\/schema.org\",\"@graph\":[{\"@type\":\"WebPage\",\"@id\":\"https:\/\/greatmotors.net\/es\/politica-de-cookies\/\",\"url\":\"https:\/\/greatmotors.net\/es\/politica-de-cookies\/\",\"name\":\"Pol\u00edtica de cookies - Great Motors\",\"isPartOf\":{\"@id\":\"https:\/\/greatmotors.net\/#website\"},\"datePublished\":\"2015-10-15T09:27:24+00:00\",\"dateModified\":\"2015-10-15T09:27:24+00:00\",\"breadcrumb\":{\"@id\":\"https:\/\/greatmotors.net\/es\/politica-de-cookies\/#breadcrumb\"},\"inLanguage\":\"es\",\"potentialAction\":[{\"@type\":\"ReadAction\",\"target\":[\"https:\/\/greatmotors.net\/es\/politica-de-cookies\/\"]}]},{\"@type\":\"BreadcrumbList\",\"@id\":\"https:\/\/greatmotors.net\/es\/politica-de-cookies\/#breadcrumb\",\"itemListElement\":[{\"@type\":\"ListItem\",\"position\":1,\"name\":\"Inici\",\"item\":\"https:\/\/greatmotors.net\/es\/\"},{\"@type\":\"ListItem\",\"position\":2,\"name\":\"Pol\u00edtica de cookies\"}]},{\"@type\":\"WebSite\",\"@id\":\"https:\/\/greatmotors.net\/#website\",\"url\":\"https:\/\/greatmotors.net\/\",\"name\":\"Great Motors\",\"description\":\"\",\"potentialAction\":[{\"@type\":\"SearchAction\",\"target\":{\"@type\":\"EntryPoint\",\"urlTemplate\":\"https:\/\/greatmotors.net\/?s={search_term_string}\"},\"query-input\":\"required name=search_term_string\"}],\"inLanguage\":\"es\"}]}<\/script>\n<!-- \/ Yoast SEO plugin. -->","yoast_head_json":{"title":"Pol\u00edtica de cookies - Great Motors","robots":{"index":"index","follow":"follow","max-snippet":"max-snippet:-1","max-image-preview":"max-image-preview:large","max-video-preview":"max-video-preview:-1"},"canonical":"https:\/\/greatmotors.net\/es\/politica-de-cookies\/","og_locale":"es_ES","og_type":"article","og_title":"Pol\u00edtica de cookies - Great Motors","og_description":"Pol\u00edtica de cookies Una Cookie es un fichero que se descarga en su ordenador al acceder a determinadas p\u00e1ginas web. Las cookies permiten a una p\u00e1gina web, entre otras cosas, almacenar y recuperar informaci\u00f3n sobre los h\u00e1bitos de navegaci\u00f3n de [&hellip;]","og_url":"https:\/\/greatmotors.net\/es\/politica-de-cookies\/","og_site_name":"Great Motors","article_publisher":"https:\/\/www.facebook.com\/GreatMotor\/","twitter_card":"summary_large_image","twitter_misc":{"Tiempo de lectura":"3 minutos"},"schema":{"@context":"https:\/\/schema.org","@graph":[{"@type":"WebPage","@id":"https:\/\/greatmotors.net\/es\/politica-de-cookies\/","url":"https:\/\/greatmotors.net\/es\/politica-de-cookies\/","name":"Pol\u00edtica de cookies - Great Motors","isPartOf":{"@id":"https:\/\/greatmotors.net\/#website"},"datePublished":"2015-10-15T09:27:24+00:00","dateModified":"2015-10-15T09:27:24+00:00","breadcrumb":{"@id":"https:\/\/greatmotors.net\/es\/politica-de-cookies\/#breadcrumb"},"inLanguage":"es","potentialAction":[{"@type":"ReadAction","target":["https:\/\/greatmotors.net\/es\/politica-de-cookies\/"]}]},{"@type":"BreadcrumbList","@id":"https:\/\/greatmotors.net\/es\/politica-de-cookies\/#breadcrumb","itemListElement":[{"@type":"ListItem","position":1,"name":"Inici","item":"https:\/\/greatmotors.net\/es\/"},{"@type":"ListItem","position":2,"name":"Pol\u00edtica de cookies"}]},{"@type":"WebSite","@id":"https:\/\/greatmotors.net\/#website","url":"https:\/\/greatmotors.net\/","name":"Great Motors","description":"","potentialAction":[{"@type":"SearchAction","target":{"@type":"EntryPoint","urlTemplate":"https:\/\/greatmotors.net\/?s={search_term_string}"},"query-input":"required name=search_term_string"}],"inLanguage":"es"}]}},"_links":{"self":[{"href":"https:\/\/greatmotors.net\/es\/wp-json\/wp\/v2\/pages\/305","targetHints":{"allow":["GET"]}}],"collection":[{"href":"https:\/\/greatmotors.net\/es\/wp-json\/wp\/v2\/pages"}],"about":[{"href":"https:\/\/greatmotors.net\/es\/wp-json\/wp\/v2\/types\/page"}],"author":[{"embeddable":true,"href":"https:\/\/greatmotors.net\/es\/wp-json\/wp\/v2\/users\/1"}],"replies":[{"embeddable":true,"href":"https:\/\/greatmotors.net\/es\/wp-json\/wp\/v2\/comments?post=305"}],"version-history":[{"count":1,"href":"https:\/\/greatmotors.net\/es\/wp-json\/wp\/v2\/pages\/305\/revisions"}],"predecessor-version":[{"id":306,"href":"https:\/\/greatmotors.net\/es\/wp-json\/wp\/v2\/pages\/305\/revisions\/306"}],"wp:attachment":[{"href":"https:\/\/greatmotors.net\/es\/wp-json\/wp\/v2\/media?parent=305"}],"curies":[{"name":"wp","href":"https:\/\/api.w.org\/{rel}","templated":true}]}}