{"id":78,"date":"2015-07-21T09:29:15","date_gmt":"2015-07-21T07:29:15","guid":{"rendered":"http:\/\/greatmotors.net\/wp\/?page_id=78"},"modified":"2016-12-16T08:32:00","modified_gmt":"2016-12-16T07:32:00","slug":"equipo","status":"publish","type":"page","link":"https:\/\/greatmotors.net\/es\/equipo\/","title":{"rendered":"Equipo"},"content":{"rendered":"<div class=\"row\">\n<div class=\"col-xs-12 col-lg-3\">\n<h2>Te escuchamos y hacemos solo lo que necesitas<\/h2>\n<hr \/>\n<p>Nos avalan m\u00e1s de quince a\u00f1os en el mundo del autom\u00f3vil. Somos un equipo joven y comprometido con ofrecer un servicio de calidad, profesional y pr\u00f3ximo.<\/p>\n<p>Nos formamos continuamente en todas las disciplinas y evoluciones t\u00e9cnicas del autom\u00f3vil, lo que, junto con los sistemas de diagnosis m\u00e1s avanzados, nos permite ser m\u00e1s eficientes y conseguir un coste por reparaci\u00f3n m\u00e1s ajustado.<\/p>\n<p>Antes de hacer una reparaci\u00f3n compleja, analizamos a fondo cada caso para asesorar sobre las mejores opciones, gracias a lo cual t\u00fa tienes la tranquilidad de que haremos solo lo necesario para una correcta resoluci\u00f3n de la aver\u00eda.<\/p>\n<p>Nuestras reparaciones disfrutan de garant\u00eda europea en toda la red de Bosch Car Service.<\/p>\n<p>En Great Motors somos el taller de las cosas bien hechas.<\/p>\n<p><strong>Pere Bonet<\/strong><br \/>\nGerente de Great Motors<br \/>\n<div class=\"woo-sc-divider\"><\/div><\/p>\n<\/div>\n<div class=\"col-xs-12 col-lg-9\">\n<h2>Nosotros<\/h2>\n<div class=\"row\">\n<div class=\"col-xs-12 col-sm-6\">\n<div class=\"equip\">\n<p><img loading=\"lazy\" decoding=\"async\" class=\"alignnone size-full wp-image-176\" src=\"http:\/\/greatmotors.net\/wp\/wp-content\/uploads\/2015\/07\/equip-pere.jpg\" alt=\"equip-pere\" width=\"150\" height=\"100\" \/><\/p>\n<div class=\"nom\"><strong>Pere Bonet<\/strong><br \/>\nGerente<\/p>\n<div class=\"firma pere\"><\/div>\n<\/div>\n<\/div>\n<div class=\"llista\">\n<p>Quince a\u00f1os de experiencia en el sector del autom\u00f3vil.<\/p>\n<p>T\u00e9cnico en hidr\u00e1ulica digital.<\/p>\n<p>Experto en cajas autom\u00e1ticas de \u00faltima generaci\u00f3n.<\/p>\n<p>T\u00e9cnico en Sistema Bosch.<\/p>\n<p>T\u00e9cnico en sistema de propulsi\u00f3n h\u00edbrida.<\/p>\n<p>T\u00e9cnico en sistema de inyecci\u00f3n tanto diesel como gasolina.<\/p>\n<\/div>\n<div class=\"woo-sc-divider\"><\/div>\n<\/div>\n<div class=\"col-xs-12 col-sm-6\">\n<div class=\"equip\">\n<p><img loading=\"lazy\" decoding=\"async\" class=\"alignnone size-full wp-image-178\" src=\"http:\/\/greatmotors.net\/wp\/wp-content\/uploads\/2015\/07\/equip-maria.jpg\" alt=\"equip-maria\" width=\"150\" height=\"100\" \/><\/p>\n<div class=\"nom\"><strong>Maria Puig<\/strong><br \/>\nJefa de administraci\u00f3n<\/p>\n<div class=\"firma maria\"><\/div>\n<\/div>\n<\/div>\n<div class=\"llista\">\n<p>Quince a\u00f1os de experiencia en el sector del autom\u00f3vil.<\/p>\n<p>Formaci\u00f3n continua en el \u00e1rea administrativa por parte de Robert Bosch.<\/p>\n<\/div>\n<div class=\"woo-sc-divider\"><\/div>\n<\/div>\n<\/div>\n<div class=\"row\">\n<div class=\"col-xs-12 col-sm-6\">\n<div class=\"equip\">\n<p><img loading=\"lazy\" decoding=\"async\" class=\"alignnone size-full wp-image-184\" src=\"http:\/\/greatmotors.net\/wp\/wp-content\/uploads\/2015\/07\/equip-toni.jpg\" alt=\"equip-ricard\" width=\"150\" height=\"100\" \/><\/p>\n<div class=\"nom\"><strong>Toni Roma<\/strong><br \/>\nT\u00e9cnico<\/p>\n<div class=\"firma toni\"><\/div>\n<\/div>\n<\/div>\n<div class=\"llista\">\n<p>Diez a\u00f1os en el mundo de la competici\u00f3n llevando equipos de asistencia.<\/p>\n<p>Equipos de f\u00f3rmulas WRC y Gran Turismo con Ferrari.<\/p>\n<p>T\u00e9cnico en cajas autom\u00e1ticas de todo tipo.<\/p>\n<p>Formaci\u00f3n en suspensiones inteligentes.<\/p>\n<p>T\u00e9cnico especializado en veh\u00edculos de altas prestaciones.<\/p>\n<p>Especialista en mecanizados en diferentes materiales y acabados.<\/p>\n<\/div>\n<div class=\"woo-sc-divider\"><\/div>\n<\/div>\n<div class=\"col-xs-12 col-sm-6\">\n<div class=\"equip\">\n<p><img loading=\"lazy\" decoding=\"async\" class=\"alignnone size-full wp-image-187\" src=\"http:\/\/greatmotors.net\/wp\/wp-content\/uploads\/2015\/07\/equip-santi.jpg\" alt=\"equip-santi\" width=\"150\" height=\"100\" \/><\/p>\n<div class=\"nom\"><strong>Santi Par\u00e9s<\/strong><br \/>\nControl de Calidad \/ Ventas Externas<\/p>\n<div class=\"firma santi\"><\/div>\n<\/div>\n<\/div>\n<div class=\"llista\">\n<p>Formaci\u00f3n en diferentes campos, tanto de venta como de posventa.<\/p>\n<p>M\u00e1s de veinte a\u00f1os en el sector de las ventas como t\u00e9cnico comercial.<\/p>\n<\/div>\n<div class=\"woo-sc-divider\"><\/div>\n<\/div>\n<\/div>\n<div class=\"row\">\n<div class=\"col-xs-12 col-sm-6\">\n<div class=\"equip\">\n<p><img loading=\"lazy\" decoding=\"async\" src=\"http:\/\/greatmotors.net\/wp\/wp-content\/uploads\/2015\/07\/equip.gif\" alt=\"equip\" width=\"150\" height=\"100\" class=\"alignnone size-full wp-image-541\" \/><\/p>\n<div class=\"nom\"><strong>Josep M. Tor<\/strong><br \/>\nT\u00e9cnico<\/div>\n<\/div>\n<div class=\"llista\">\n<p>M\u00e1s de 30 a\u00f1os de experiencia en mec\u00e1nica ligera y pesada.<\/p>\n<p>10 a\u00f1os como oficial de primera en servicio oficial Seat en Vic.<\/p>\n<p>12 a\u00f1os como oficial de primera en Auto Diesel Vic, especialista en sistemas de inyecci\u00f3n diesel i gasolina.<\/p>\n<\/div>\n<div class=\"woo-sc-divider\"><\/div>\n<\/div>\n<div class=\"col-xs-12 col-sm-6\">\n<div class=\"equip\">\n<p><img loading=\"lazy\" decoding=\"async\" src=\"http:\/\/greatmotors.net\/wp\/wp-content\/uploads\/2015\/07\/equip.gif\" alt=\"equip\" width=\"150\" height=\"100\" class=\"alignnone size-full wp-image-541\" \/><\/p>\n<div class=\"nom\"><strong>Mohsine Niba<\/strong><br \/>\nT\u00e9cnico<\/div>\n<\/div>\n<div class=\"llista\">\n<p>Grado medio en mec\u00e1nica del autom\u00f3vil en el Centro T\u00e9cnico Vall\u00e9s.<\/p>\n<p>Grado Superior en mec\u00e1nica del autom\u00f3vil en el I.E.S. MOLLET.<\/p>\n<p>Electromec\u00e1nica y mec\u00e1nica ligera y pesada.<\/p>\n<\/div>\n<div class=\"woo-sc-divider\"><\/div>\n<\/div>\n<\/div>\n<div class=\"row\">\n<div class=\"col-xs-12 col-sm-6\">\n<div class=\"equip\">\n<p><img loading=\"lazy\" decoding=\"async\" src=\"http:\/\/greatmotors.net\/wp\/wp-content\/uploads\/2015\/07\/equip.gif\" alt=\"equip\" width=\"150\" height=\"100\" class=\"alignnone size-full wp-image-541\" \/><\/p>\n<div class=\"nom\"><strong>Esther Hidalgo<\/strong><br \/>\nCoordinadora de Equipo \/ Asesora de Servicio<\/div>\n<\/div>\n<div class=\"llista\">\n<p>M\u00e1s de 13 a\u00f1os de experiencia en Post-Venta dentro del sector de automoci\u00f3n.<\/p>\n<p>Jefe de Taller en Renault Esport, Olot.<\/p>\n<p>Asesora de Servicio Postventa en Volkswagen con titulaciones de mantenimiento y reparaci\u00f3n del autom\u00f3vil, climatizaci\u00f3n, electr\u00f3nica, App-Conect.<\/p>\n<p>Cursos t\u00e9cnicos de conducci\u00f3n en Volkswagen World Race Tour.<\/p>\n<p>Asesoramiento t\u00e9cnico especialista en neum\u00e1ticos.<\/p>\n<\/div>\n<div class=\"woo-sc-divider\"><\/div>\n<\/div>\n<div class=\"col-xs-12 col-sm-6\"><\/div>\n<\/div>\n<\/div>\n","protected":false},"excerpt":{"rendered":"<p>Te escuchamos y hacemos solo lo que necesitas Nos avalan m\u00e1s de quince a\u00f1os en el mundo del autom\u00f3vil. Somos un equipo joven y comprometido con ofrecer un servicio de calidad, profesional y pr\u00f3ximo. Nos formamos continuamente en todas las [&hellip;]<\/p>\n","protected":false},"author":1,"featured_media":0,"parent":0,"menu_order":0,"comment_status":"closed","ping_status":"closed","template":"template-biz.php","meta":{"_mi_skip_tracking":false,"footnotes":""},"class_list":["post-78","page","type-page","status-publish","hentry"],"yoast_head":"<!-- This site is optimized with the Yoast SEO plugin v19.10 - https:\/\/yoast.com\/wordpress\/plugins\/seo\/ -->\n<title>Equipo - Great Motors<\/title>\n<meta name=\"robots\" content=\"index, follow, max-snippet:-1, max-image-preview:large, max-video-preview:-1\" \/>\n<link rel=\"canonical\" href=\"https:\/\/greatmotors.net\/es\/equipo\/\" \/>\n<meta property=\"og:locale\" content=\"es_ES\" \/>\n<meta property=\"og:type\" content=\"article\" \/>\n<meta property=\"og:title\" content=\"Equipo - Great Motors\" \/>\n<meta property=\"og:description\" content=\"Te escuchamos y hacemos solo lo que necesitas Nos avalan m\u00e1s de quince a\u00f1os en el mundo del autom\u00f3vil. Somos un equipo joven y comprometido con ofrecer un servicio de calidad, profesional y pr\u00f3ximo. Nos formamos continuamente en todas las [&hellip;]\" \/>\n<meta property=\"og:url\" content=\"https:\/\/greatmotors.net\/es\/equipo\/\" \/>\n<meta property=\"og:site_name\" content=\"Great Motors\" \/>\n<meta property=\"article:publisher\" content=\"https:\/\/www.facebook.com\/GreatMotor\/\" \/>\n<meta property=\"article:modified_time\" content=\"2016-12-16T07:32:00+00:00\" \/>\n<meta property=\"og:image\" content=\"http:\/\/greatmotors.net\/wp\/wp-content\/uploads\/2015\/07\/equip-pere.jpg\" \/>\n<meta name=\"twitter:card\" content=\"summary_large_image\" \/>\n<meta name=\"twitter:label1\" content=\"Tiempo de lectura\" \/>\n\t<meta name=\"twitter:data1\" content=\"2 minutos\" \/>\n<script type=\"application\/ld+json\" class=\"yoast-schema-graph\">{\"@context\":\"https:\/\/schema.org\",\"@graph\":[{\"@type\":\"WebPage\",\"@id\":\"https:\/\/greatmotors.net\/es\/equipo\/\",\"url\":\"https:\/\/greatmotors.net\/es\/equipo\/\",\"name\":\"Equipo - Great Motors\",\"isPartOf\":{\"@id\":\"https:\/\/greatmotors.net\/#website\"},\"datePublished\":\"2015-07-21T07:29:15+00:00\",\"dateModified\":\"2016-12-16T07:32:00+00:00\",\"breadcrumb\":{\"@id\":\"https:\/\/greatmotors.net\/es\/equipo\/#breadcrumb\"},\"inLanguage\":\"es\",\"potentialAction\":[{\"@type\":\"ReadAction\",\"target\":[\"https:\/\/greatmotors.net\/es\/equipo\/\"]}]},{\"@type\":\"BreadcrumbList\",\"@id\":\"https:\/\/greatmotors.net\/es\/equipo\/#breadcrumb\",\"itemListElement\":[{\"@type\":\"ListItem\",\"position\":1,\"name\":\"Inici\",\"item\":\"https:\/\/greatmotors.net\/es\/\"},{\"@type\":\"ListItem\",\"position\":2,\"name\":\"Equipo\"}]},{\"@type\":\"WebSite\",\"@id\":\"https:\/\/greatmotors.net\/#website\",\"url\":\"https:\/\/greatmotors.net\/\",\"name\":\"Great Motors\",\"description\":\"\",\"potentialAction\":[{\"@type\":\"SearchAction\",\"target\":{\"@type\":\"EntryPoint\",\"urlTemplate\":\"https:\/\/greatmotors.net\/?s={search_term_string}\"},\"query-input\":\"required name=search_term_string\"}],\"inLanguage\":\"es\"}]}<\/script>\n<!-- \/ Yoast SEO plugin. -->","yoast_head_json":{"title":"Equipo - Great Motors","robots":{"index":"index","follow":"follow","max-snippet":"max-snippet:-1","max-image-preview":"max-image-preview:large","max-video-preview":"max-video-preview:-1"},"canonical":"https:\/\/greatmotors.net\/es\/equipo\/","og_locale":"es_ES","og_type":"article","og_title":"Equipo - Great Motors","og_description":"Te escuchamos y hacemos solo lo que necesitas Nos avalan m\u00e1s de quince a\u00f1os en el mundo del autom\u00f3vil. Somos un equipo joven y comprometido con ofrecer un servicio de calidad, profesional y pr\u00f3ximo. Nos formamos continuamente en todas las [&hellip;]","og_url":"https:\/\/greatmotors.net\/es\/equipo\/","og_site_name":"Great Motors","article_publisher":"https:\/\/www.facebook.com\/GreatMotor\/","article_modified_time":"2016-12-16T07:32:00+00:00","og_image":[{"url":"http:\/\/greatmotors.net\/wp\/wp-content\/uploads\/2015\/07\/equip-pere.jpg"}],"twitter_card":"summary_large_image","twitter_misc":{"Tiempo de lectura":"2 minutos"},"schema":{"@context":"https:\/\/schema.org","@graph":[{"@type":"WebPage","@id":"https:\/\/greatmotors.net\/es\/equipo\/","url":"https:\/\/greatmotors.net\/es\/equipo\/","name":"Equipo - Great Motors","isPartOf":{"@id":"https:\/\/greatmotors.net\/#website"},"datePublished":"2015-07-21T07:29:15+00:00","dateModified":"2016-12-16T07:32:00+00:00","breadcrumb":{"@id":"https:\/\/greatmotors.net\/es\/equipo\/#breadcrumb"},"inLanguage":"es","potentialAction":[{"@type":"ReadAction","target":["https:\/\/greatmotors.net\/es\/equipo\/"]}]},{"@type":"BreadcrumbList","@id":"https:\/\/greatmotors.net\/es\/equipo\/#breadcrumb","itemListElement":[{"@type":"ListItem","position":1,"name":"Inici","item":"https:\/\/greatmotors.net\/es\/"},{"@type":"ListItem","position":2,"name":"Equipo"}]},{"@type":"WebSite","@id":"https:\/\/greatmotors.net\/#website","url":"https:\/\/greatmotors.net\/","name":"Great Motors","description":"","potentialAction":[{"@type":"SearchAction","target":{"@type":"EntryPoint","urlTemplate":"https:\/\/greatmotors.net\/?s={search_term_string}"},"query-input":"required name=search_term_string"}],"inLanguage":"es"}]}},"_links":{"self":[{"href":"https:\/\/greatmotors.net\/es\/wp-json\/wp\/v2\/pages\/78","targetHints":{"allow":["GET"]}}],"collection":[{"href":"https:\/\/greatmotors.net\/es\/wp-json\/wp\/v2\/pages"}],"about":[{"href":"https:\/\/greatmotors.net\/es\/wp-json\/wp\/v2\/types\/page"}],"author":[{"embeddable":true,"href":"https:\/\/greatmotors.net\/es\/wp-json\/wp\/v2\/users\/1"}],"replies":[{"embeddable":true,"href":"https:\/\/greatmotors.net\/es\/wp-json\/wp\/v2\/comments?post=78"}],"version-history":[{"count":6,"href":"https:\/\/greatmotors.net\/es\/wp-json\/wp\/v2\/pages\/78\/revisions"}],"predecessor-version":[{"id":557,"href":"https:\/\/greatmotors.net\/es\/wp-json\/wp\/v2\/pages\/78\/revisions\/557"}],"wp:attachment":[{"href":"https:\/\/greatmotors.net\/es\/wp-json\/wp\/v2\/media?parent=78"}],"curies":[{"name":"wp","href":"https:\/\/api.w.org\/{rel}","templated":true}]}}