{"id":80,"date":"2015-07-21T09:30:15","date_gmt":"2015-07-21T07:30:15","guid":{"rendered":"http:\/\/greatmotors.net\/wp\/?page_id=80"},"modified":"2016-01-12T12:07:11","modified_gmt":"2016-01-12T11:07:11","slug":"cambios-automaticos","status":"publish","type":"page","link":"https:\/\/greatmotors.net\/es\/cambios-automaticos\/","title":{"rendered":"Cambios autom\u00e1ticos"},"content":{"rendered":"<div class=\"row canvis\">\n<div class=\"col-xs-12 col-lg-6\">\n<h2>Somos especialistas en el diagn\u00f3stico, el mantenimiento, la reparaci\u00f3n y la adaptaci\u00f3n electr\u00f3nica al perfil de conducci\u00f3n de todo tipo de cambios autom\u00e1ticos.<\/h2>\n<\/div>\n<\/div>\n<div class=\"row\">\n<div class=\"col-xs-12 col-lg-6\">\n<h2 class=\"num\">01<\/h2>\n<h2>Transmisi\u00f3n de <br \/>variador continuo (CVT)<\/h2>\n<p>Este cambio autom\u00e1tico se conoce como cambio de variador continuo o CVT, por las siglas de su nombre en ingl\u00e9s, Continuous Variable Transmission, ya que los desarrollos no est\u00e1n determinados por un par de engranajes, sino por dos poleas formadas por elementos c\u00f3nicos y unidas por una cadena que transmite la potencia, lo que permite disponer de infinidad de marchas siempre con el motor en su valor de r\u00e9gimen \u00f3ptimo para tener m\u00e1s eficiencia en la entrega del par.<br \/>\n&#8211;<br \/>\nGrup Audi\/Volkswagen amb el Multitr\u00f2nic, Suzuki (CVT), Renault (CVT), Nissan (Hypertronic, Extroid (toroidal) i Xtronic, Mini, Mercedes (Autotronic), Toyota (Multidrive S y CVT) i Subaru (lineatronic)\n<\/p><\/div>\n<div class=\"col-xs-12 col-lg-6\">\n<h2 class=\"num\">02<\/h2>\n<h2>Transmisi\u00f3n de <br \/>doble embrague pilotado<\/h2>\n<p>La caja del cambio de doble embrague es un tipo de caja de cambios semiautom\u00e1tica secuencial. Su funcionamiento se basa en el uso de un sistema robotizado de doble embrague y doble conjunto de selectores de marchas, uno para las marchas pares y otro para las impares.<br \/>\n&#8211;<br \/>\nGrup VAG, Audi \/ Volkswagen \/ Skoda el Grup Chrysler, Ford Motor Company i Mitsubishi Motors \u00abTwin Clutch Sportronic Shift Transmission\u201d, BMW &#8211; \u00abM Dual Clutch Transmission\u201d, Porsche &#8211; \u201cPDK\u201d.\n<\/p><\/div>\n<\/div>\n<div class=\"row\">\n<div class=\"col-xs-12 col-lg-6\">\n<h2 class=\"num\">03<\/h2>\n<h2>Transmisi\u00f3n <br \/>autom\u00e1tica hidr\u00e1ulica tradicional<\/h2>\n<p>El tipo predominante de transmisi\u00f3n autom\u00e1tica es la que funciona hidr\u00e1ulicamente, con un convertidor de par y un conjunto de engranajes planetarios para proporcionar una multiplicaci\u00f3n del par. El convertidor de par consta de una bomba (que lanza el aceite hidr\u00e1ulico) y una turbina (que recibe el aceite). La bomba lanza el fluido con una determinada fuerza y la turbina recibe de la bomba buena parte de su fuerza mec\u00e1nica, alrededor de un 90%, aunque este porcentaje puede llegar incluso al 100% cuando el convertidor dispone de un \u201cembrague de convertidor\u201d o punteo hidromec\u00e1nico. Despu\u00e9s tenemos los planetarios, que, a trav\u00e9s de los discos de fricci\u00f3n, reciben el par y modifican las revoluciones de salida que necesita cada marcha. Desde hace a\u00f1os, estas se\u00f1ales se detectan el\u00e9ctricamente y se procesan electr\u00f3nicamente. Un calculador, o unidad electr\u00f3nica del cambio (TCM), se encarga de activar las v\u00e1lvulas de mando, que ahora son electrohidr\u00e1ulicas. Todas las marcas disponen de este tipo de transmisiones, que son las m\u00e1s evolucionadas, ya que hace muchos a\u00f1os que est\u00e1n en el mercado. Las primeras cajas ya se instalaban en los a\u00f1os cincuenta.\n<\/p><\/div>\n<div class=\"col-xs-12 col-lg-6\">\n<h2 class=\"num\">04<\/h2>\n<h2>Transmisi\u00f3n <br \/>robotizada<\/h2>\n<p>Este tipo de transmisi\u00f3n es una combinaci\u00f3n entre caja manual y autom\u00e1tica. Se trata de una caja manual con un robot electrohidr\u00e1ulico, que realiza los movimientos de la palanca y del embrague (disco con seco convencional) que har\u00eda el conductor si el veh\u00edculo fuera manual. Es un cambio poco evolucionado y algo lento entre marchas.\n<\/p><\/div>\n<\/div>\n","protected":false},"excerpt":{"rendered":"<p>Somos especialistas en el diagn\u00f3stico, el mantenimiento, la reparaci\u00f3n y la adaptaci\u00f3n electr\u00f3nica al perfil de conducci\u00f3n de todo tipo de cambios autom\u00e1ticos. 01 Transmisi\u00f3n de variador continuo (CVT) Este cambio autom\u00e1tico se conoce como cambio de variador continuo o [&hellip;]<\/p>\n","protected":false},"author":1,"featured_media":0,"parent":0,"menu_order":0,"comment_status":"closed","ping_status":"closed","template":"template-biz.php","meta":{"_mi_skip_tracking":false,"footnotes":""},"class_list":["post-80","page","type-page","status-publish","hentry"],"yoast_head":"<!-- This site is optimized with the Yoast SEO plugin v19.10 - https:\/\/yoast.com\/wordpress\/plugins\/seo\/ -->\n<title>Cambios autom\u00e1ticos - Great Motors<\/title>\n<meta name=\"robots\" content=\"index, follow, max-snippet:-1, max-image-preview:large, max-video-preview:-1\" \/>\n<link rel=\"canonical\" href=\"https:\/\/greatmotors.net\/es\/cambios-automaticos\/\" \/>\n<meta property=\"og:locale\" content=\"es_ES\" \/>\n<meta property=\"og:type\" content=\"article\" \/>\n<meta property=\"og:title\" content=\"Cambios autom\u00e1ticos - Great Motors\" \/>\n<meta property=\"og:description\" content=\"Somos especialistas en el diagn\u00f3stico, el mantenimiento, la reparaci\u00f3n y la adaptaci\u00f3n electr\u00f3nica al perfil de conducci\u00f3n de todo tipo de cambios autom\u00e1ticos. 01 Transmisi\u00f3n de variador continuo (CVT) Este cambio autom\u00e1tico se conoce como cambio de variador continuo o [&hellip;]\" \/>\n<meta property=\"og:url\" content=\"https:\/\/greatmotors.net\/es\/cambios-automaticos\/\" \/>\n<meta property=\"og:site_name\" content=\"Great Motors\" \/>\n<meta property=\"article:publisher\" content=\"https:\/\/www.facebook.com\/GreatMotor\/\" \/>\n<meta property=\"article:modified_time\" content=\"2016-01-12T11:07:11+00:00\" \/>\n<meta name=\"twitter:card\" content=\"summary_large_image\" \/>\n<meta name=\"twitter:label1\" content=\"Tiempo de lectura\" \/>\n\t<meta name=\"twitter:data1\" content=\"3 minutos\" \/>\n<script type=\"application\/ld+json\" class=\"yoast-schema-graph\">{\"@context\":\"https:\/\/schema.org\",\"@graph\":[{\"@type\":\"WebPage\",\"@id\":\"https:\/\/greatmotors.net\/es\/cambios-automaticos\/\",\"url\":\"https:\/\/greatmotors.net\/es\/cambios-automaticos\/\",\"name\":\"Cambios autom\u00e1ticos - Great Motors\",\"isPartOf\":{\"@id\":\"https:\/\/greatmotors.net\/#website\"},\"datePublished\":\"2015-07-21T07:30:15+00:00\",\"dateModified\":\"2016-01-12T11:07:11+00:00\",\"breadcrumb\":{\"@id\":\"https:\/\/greatmotors.net\/es\/cambios-automaticos\/#breadcrumb\"},\"inLanguage\":\"es\",\"potentialAction\":[{\"@type\":\"ReadAction\",\"target\":[\"https:\/\/greatmotors.net\/es\/cambios-automaticos\/\"]}]},{\"@type\":\"BreadcrumbList\",\"@id\":\"https:\/\/greatmotors.net\/es\/cambios-automaticos\/#breadcrumb\",\"itemListElement\":[{\"@type\":\"ListItem\",\"position\":1,\"name\":\"Inici\",\"item\":\"https:\/\/greatmotors.net\/es\/\"},{\"@type\":\"ListItem\",\"position\":2,\"name\":\"Cambios autom\u00e1ticos\"}]},{\"@type\":\"WebSite\",\"@id\":\"https:\/\/greatmotors.net\/#website\",\"url\":\"https:\/\/greatmotors.net\/\",\"name\":\"Great Motors\",\"description\":\"\",\"potentialAction\":[{\"@type\":\"SearchAction\",\"target\":{\"@type\":\"EntryPoint\",\"urlTemplate\":\"https:\/\/greatmotors.net\/?s={search_term_string}\"},\"query-input\":\"required name=search_term_string\"}],\"inLanguage\":\"es\"}]}<\/script>\n<!-- \/ Yoast SEO plugin. -->","yoast_head_json":{"title":"Cambios autom\u00e1ticos - Great Motors","robots":{"index":"index","follow":"follow","max-snippet":"max-snippet:-1","max-image-preview":"max-image-preview:large","max-video-preview":"max-video-preview:-1"},"canonical":"https:\/\/greatmotors.net\/es\/cambios-automaticos\/","og_locale":"es_ES","og_type":"article","og_title":"Cambios autom\u00e1ticos - Great Motors","og_description":"Somos especialistas en el diagn\u00f3stico, el mantenimiento, la reparaci\u00f3n y la adaptaci\u00f3n electr\u00f3nica al perfil de conducci\u00f3n de todo tipo de cambios autom\u00e1ticos. 01 Transmisi\u00f3n de variador continuo (CVT) Este cambio autom\u00e1tico se conoce como cambio de variador continuo o [&hellip;]","og_url":"https:\/\/greatmotors.net\/es\/cambios-automaticos\/","og_site_name":"Great Motors","article_publisher":"https:\/\/www.facebook.com\/GreatMotor\/","article_modified_time":"2016-01-12T11:07:11+00:00","twitter_card":"summary_large_image","twitter_misc":{"Tiempo de lectura":"3 minutos"},"schema":{"@context":"https:\/\/schema.org","@graph":[{"@type":"WebPage","@id":"https:\/\/greatmotors.net\/es\/cambios-automaticos\/","url":"https:\/\/greatmotors.net\/es\/cambios-automaticos\/","name":"Cambios autom\u00e1ticos - Great Motors","isPartOf":{"@id":"https:\/\/greatmotors.net\/#website"},"datePublished":"2015-07-21T07:30:15+00:00","dateModified":"2016-01-12T11:07:11+00:00","breadcrumb":{"@id":"https:\/\/greatmotors.net\/es\/cambios-automaticos\/#breadcrumb"},"inLanguage":"es","potentialAction":[{"@type":"ReadAction","target":["https:\/\/greatmotors.net\/es\/cambios-automaticos\/"]}]},{"@type":"BreadcrumbList","@id":"https:\/\/greatmotors.net\/es\/cambios-automaticos\/#breadcrumb","itemListElement":[{"@type":"ListItem","position":1,"name":"Inici","item":"https:\/\/greatmotors.net\/es\/"},{"@type":"ListItem","position":2,"name":"Cambios autom\u00e1ticos"}]},{"@type":"WebSite","@id":"https:\/\/greatmotors.net\/#website","url":"https:\/\/greatmotors.net\/","name":"Great Motors","description":"","potentialAction":[{"@type":"SearchAction","target":{"@type":"EntryPoint","urlTemplate":"https:\/\/greatmotors.net\/?s={search_term_string}"},"query-input":"required name=search_term_string"}],"inLanguage":"es"}]}},"_links":{"self":[{"href":"https:\/\/greatmotors.net\/es\/wp-json\/wp\/v2\/pages\/80","targetHints":{"allow":["GET"]}}],"collection":[{"href":"https:\/\/greatmotors.net\/es\/wp-json\/wp\/v2\/pages"}],"about":[{"href":"https:\/\/greatmotors.net\/es\/wp-json\/wp\/v2\/types\/page"}],"author":[{"embeddable":true,"href":"https:\/\/greatmotors.net\/es\/wp-json\/wp\/v2\/users\/1"}],"replies":[{"embeddable":true,"href":"https:\/\/greatmotors.net\/es\/wp-json\/wp\/v2\/comments?post=80"}],"version-history":[{"count":3,"href":"https:\/\/greatmotors.net\/es\/wp-json\/wp\/v2\/pages\/80\/revisions"}],"predecessor-version":[{"id":451,"href":"https:\/\/greatmotors.net\/es\/wp-json\/wp\/v2\/pages\/80\/revisions\/451"}],"wp:attachment":[{"href":"https:\/\/greatmotors.net\/es\/wp-json\/wp\/v2\/media?parent=80"}],"curies":[{"name":"wp","href":"https:\/\/api.w.org\/{rel}","templated":true}]}}