{"id":86,"date":"2015-07-21T09:31:29","date_gmt":"2015-07-21T07:31:29","guid":{"rendered":"http:\/\/greatmotors.net\/wp\/?page_id=86"},"modified":"2016-01-12T15:35:07","modified_gmt":"2016-01-12T14:35:07","slug":"servicio-taller","status":"publish","type":"page","link":"https:\/\/greatmotors.net\/es\/servicio-taller\/","title":{"rendered":"Servicio taller"},"content":{"rendered":"<div class=\"row taller\">\n<div class=\"col-xs-12 col-sm-6 col-lg-3\">\n<h2>Mantenimiento<br \/>\nmultimarca<\/h2>\n<div class=\"picto vermell\"><\/div>\n<p><img loading=\"lazy\" decoding=\"async\" class=\"alignnone size-full wp-image-153 vermell\" src=\"http:\/\/greatmotors.net\/wp\/wp-content\/uploads\/2015\/07\/taller-manteniment1.jpg\" alt=\"taller-manteniment\" width=\"600\" height=\"300\" srcset=\"https:\/\/greatmotors.net\/wp\/wp-content\/uploads\/2015\/07\/taller-manteniment1.jpg 600w, https:\/\/greatmotors.net\/wp\/wp-content\/uploads\/2015\/07\/taller-manteniment1-400x200.jpg 400w\" sizes=\"auto, (max-width: 600px) 100vw, 600px\" \/><br \/>\nPara optimizar el rendimiento y la vida \u00fatil de tu veh\u00edculo es muy importante respetar los plazos previstos por el fabricante. Realizamos revisiones de veh\u00edculos de todas las marcas siguiendo estrictamente las especificaciones de cada fabricante y conservando la garant\u00eda oficial.\n<\/div>\n<div class=\"col-xs-12 col-sm-6 col-lg-3\">\n<h2>Reparaci\u00f3n<br \/>\ny diagn\u00f3stico<\/h2>\n<div class=\"picto blaufosc\"><\/div>\n<p><img loading=\"lazy\" decoding=\"async\" class=\"alignnone size-full wp-image-155 blaufosc\" src=\"http:\/\/greatmotors.net\/wp\/wp-content\/uploads\/2015\/07\/taller-reparacio1.jpg\" alt=\"taller-reparacio\" width=\"600\" height=\"300\" srcset=\"https:\/\/greatmotors.net\/wp\/wp-content\/uploads\/2015\/07\/taller-reparacio1.jpg 600w, https:\/\/greatmotors.net\/wp\/wp-content\/uploads\/2015\/07\/taller-reparacio1-400x200.jpg 400w\" sizes=\"auto, (max-width: 600px) 100vw, 600px\" \/><br \/>\nUna formaci\u00f3n continua y unos equipos t\u00e9cnicos de \u00faltima generaci\u00f3n nos permiten realizar un diagn\u00f3stico exhaustivo de cualquier tipo de veh\u00edculo, ya sea un utilitario, un veh\u00edculo h\u00edbrido o un deportivo de altas prestaciones. Es un paso previo imprescindible para realizar una reparaci\u00f3n precisa.\n<\/div>\n<div class=\"col-xs-12 col-sm-6 col-lg-3\">\n<h2>Seguridad<br \/>\nactiva<\/h2>\n<div class=\"picto blauclar\"><\/div>\n<p><img loading=\"lazy\" decoding=\"async\" class=\"alignnone size-full wp-image-156 blauclar\" src=\"http:\/\/greatmotors.net\/wp\/wp-content\/uploads\/2015\/07\/taller-seguretat1.jpg\" alt=\"taller-seguretat\" width=\"600\" height=\"300\" srcset=\"https:\/\/greatmotors.net\/wp\/wp-content\/uploads\/2015\/07\/taller-seguretat1.jpg 600w, https:\/\/greatmotors.net\/wp\/wp-content\/uploads\/2015\/07\/taller-seguretat1-400x200.jpg 400w\" sizes=\"auto, (max-width: 600px) 100vw, 600px\" \/><br \/>\nEs muy importante que los elementos de seguridad activa de tu veh\u00edculo est\u00e9n en perfectas condiciones y puedan realizar su funci\u00f3n en caso de necesidad. En Greatmotors los revisamos para que solo tengas que preocuparte de disfrutar de la conducci\u00f3n.\n<\/div>\n<div class=\"col-xs-12 col-sm-6 col-lg-3\">\n<h2>Neum\u00e1ticos<br \/>\n&nbsp;<\/h2>\n<div class=\"picto gris\"><\/div>\n<p><img loading=\"lazy\" decoding=\"async\" class=\"alignnone size-full wp-image-154 gris\" src=\"http:\/\/greatmotors.net\/wp\/wp-content\/uploads\/2015\/07\/taller-pneumatics1.jpg\" alt=\"taller-pneumatics\" width=\"600\" height=\"300\" srcset=\"https:\/\/greatmotors.net\/wp\/wp-content\/uploads\/2015\/07\/taller-pneumatics1.jpg 600w, https:\/\/greatmotors.net\/wp\/wp-content\/uploads\/2015\/07\/taller-pneumatics1-400x200.jpg 400w\" sizes=\"auto, (max-width: 600px) 100vw, 600px\" \/><br \/>\nCircular con unos neum\u00e1ticos en perfectas condiciones es primordial para tu seguridad. Realizamos una revisi\u00f3n de su estado (desgaste, presi\u00f3n, envejecimiento, geometr\u00eda\u2026) y te hacemos un presupuesto gratuito de los neum\u00e1ticos m\u00e1s adecuados para tus necesidades.\n<\/div>\n<\/div>\n<div class=\"row\">\n<div class=\"col-xs-12 col-sm-6 col-lg-3\">\n<table class=\"table table-striped\">\n<tbody>\n<tr>\n<td>Mec\u00e1nica de mantenimiento<\/td>\n<\/tr>\n<tr>\n<td>Revisiones<\/td>\n<\/tr>\n<tr>\n<td>Bater\u00edas<\/td>\n<\/tr>\n<tr>\n<td>Pre-ITV<\/td>\n<\/tr>\n<tr>\n<td>Frenos<\/td>\n<\/tr>\n<\/tbody>\n<\/table>\n<\/div>\n<div class=\"col-xs-12 col-sm-6 col-lg-3\">\n<table class=\"table table-striped\">\n<tbody>\n<tr>\n<td>Inyecci\u00f3n gasolina y diesel<\/td>\n<\/tr>\n<tr>\n<td>Turbocompresores<\/td>\n<\/tr>\n<tr>\n<td>Electricidad y electr\u00f3nica<\/td>\n<\/tr>\n<tr>\n<td>Climatizaci\u00f3n<\/td>\n<\/tr>\n<tr>\n<td>Cambios autom\u00e1ticos<\/td>\n<\/tr>\n<tr>\n<td>Transmisiones<\/td>\n<\/tr>\n<\/tbody>\n<\/table>\n<\/div>\n<div class=\"col-xs-12 col-sm-6 col-lg-3\">\n<table class=\"table table-striped\">\n<tbody>\n<tr>\n<td>Sistema de frenado<\/td>\n<\/tr>\n<tr>\n<td>Sistemas ABS, TCS, ESP\u2026<\/td>\n<\/tr>\n<tr>\n<td>Amortiguadores<\/td>\n<\/tr>\n<tr>\n<td>Direcci\u00f3n asistida<\/td>\n<\/tr>\n<tr>\n<td>Suspensi\u00f3n activa<\/td>\n<\/tr>\n<\/tbody>\n<\/table>\n<\/div>\n<div class=\"col-xs-12 col-sm-6 col-lg-3\">\n<table class=\"table table-striped\">\n<tbody>\n<tr>\n<td>Cambio de neum\u00e1ticos<\/td>\n<\/tr>\n<tr>\n<td>Alineaciones<\/td>\n<\/tr>\n<tr>\n<td>Reparaci\u00f3n de pinchazos<\/td>\n<\/tr>\n<\/tbody>\n<\/table>\n<\/div>\n<\/div>\n","protected":false},"excerpt":{"rendered":"<p>Mantenimiento multimarca Para optimizar el rendimiento y la vida \u00fatil de tu veh\u00edculo es muy importante respetar los plazos previstos por el fabricante. Realizamos revisiones de veh\u00edculos de todas las marcas siguiendo estrictamente las especificaciones de cada fabricante y conservando [&hellip;]<\/p>\n","protected":false},"author":1,"featured_media":0,"parent":0,"menu_order":0,"comment_status":"closed","ping_status":"closed","template":"template-biz.php","meta":{"_mi_skip_tracking":false,"footnotes":""},"class_list":["post-86","page","type-page","status-publish","hentry"],"yoast_head":"<!-- This site is optimized with the Yoast SEO plugin v19.10 - https:\/\/yoast.com\/wordpress\/plugins\/seo\/ -->\n<title>Servicio taller - Great Motors<\/title>\n<meta name=\"robots\" content=\"index, follow, max-snippet:-1, max-image-preview:large, max-video-preview:-1\" \/>\n<link rel=\"canonical\" href=\"https:\/\/greatmotors.net\/es\/servicio-taller\/\" \/>\n<meta property=\"og:locale\" content=\"es_ES\" \/>\n<meta property=\"og:type\" content=\"article\" \/>\n<meta property=\"og:title\" content=\"Servicio taller - Great Motors\" \/>\n<meta property=\"og:description\" content=\"Mantenimiento multimarca Para optimizar el rendimiento y la vida \u00fatil de tu veh\u00edculo es muy importante respetar los plazos previstos por el fabricante. Realizamos revisiones de veh\u00edculos de todas las marcas siguiendo estrictamente las especificaciones de cada fabricante y conservando [&hellip;]\" \/>\n<meta property=\"og:url\" content=\"https:\/\/greatmotors.net\/es\/servicio-taller\/\" \/>\n<meta property=\"og:site_name\" content=\"Great Motors\" \/>\n<meta property=\"article:publisher\" content=\"https:\/\/www.facebook.com\/GreatMotor\/\" \/>\n<meta property=\"article:modified_time\" content=\"2016-01-12T14:35:07+00:00\" \/>\n<meta property=\"og:image\" content=\"http:\/\/greatmotors.net\/wp\/wp-content\/uploads\/2015\/07\/taller-manteniment1.jpg\" \/>\n<meta name=\"twitter:card\" content=\"summary_large_image\" \/>\n<meta name=\"twitter:label1\" content=\"Tiempo de lectura\" \/>\n\t<meta name=\"twitter:data1\" content=\"1 minuto\" \/>\n<script type=\"application\/ld+json\" class=\"yoast-schema-graph\">{\"@context\":\"https:\/\/schema.org\",\"@graph\":[{\"@type\":\"WebPage\",\"@id\":\"https:\/\/greatmotors.net\/es\/servicio-taller\/\",\"url\":\"https:\/\/greatmotors.net\/es\/servicio-taller\/\",\"name\":\"Servicio taller - Great Motors\",\"isPartOf\":{\"@id\":\"https:\/\/greatmotors.net\/#website\"},\"datePublished\":\"2015-07-21T07:31:29+00:00\",\"dateModified\":\"2016-01-12T14:35:07+00:00\",\"breadcrumb\":{\"@id\":\"https:\/\/greatmotors.net\/es\/servicio-taller\/#breadcrumb\"},\"inLanguage\":\"es\",\"potentialAction\":[{\"@type\":\"ReadAction\",\"target\":[\"https:\/\/greatmotors.net\/es\/servicio-taller\/\"]}]},{\"@type\":\"BreadcrumbList\",\"@id\":\"https:\/\/greatmotors.net\/es\/servicio-taller\/#breadcrumb\",\"itemListElement\":[{\"@type\":\"ListItem\",\"position\":1,\"name\":\"Inici\",\"item\":\"https:\/\/greatmotors.net\/es\/\"},{\"@type\":\"ListItem\",\"position\":2,\"name\":\"Servicio taller\"}]},{\"@type\":\"WebSite\",\"@id\":\"https:\/\/greatmotors.net\/#website\",\"url\":\"https:\/\/greatmotors.net\/\",\"name\":\"Great Motors\",\"description\":\"\",\"potentialAction\":[{\"@type\":\"SearchAction\",\"target\":{\"@type\":\"EntryPoint\",\"urlTemplate\":\"https:\/\/greatmotors.net\/?s={search_term_string}\"},\"query-input\":\"required name=search_term_string\"}],\"inLanguage\":\"es\"}]}<\/script>\n<!-- \/ Yoast SEO plugin. -->","yoast_head_json":{"title":"Servicio taller - Great Motors","robots":{"index":"index","follow":"follow","max-snippet":"max-snippet:-1","max-image-preview":"max-image-preview:large","max-video-preview":"max-video-preview:-1"},"canonical":"https:\/\/greatmotors.net\/es\/servicio-taller\/","og_locale":"es_ES","og_type":"article","og_title":"Servicio taller - Great Motors","og_description":"Mantenimiento multimarca Para optimizar el rendimiento y la vida \u00fatil de tu veh\u00edculo es muy importante respetar los plazos previstos por el fabricante. Realizamos revisiones de veh\u00edculos de todas las marcas siguiendo estrictamente las especificaciones de cada fabricante y conservando [&hellip;]","og_url":"https:\/\/greatmotors.net\/es\/servicio-taller\/","og_site_name":"Great Motors","article_publisher":"https:\/\/www.facebook.com\/GreatMotor\/","article_modified_time":"2016-01-12T14:35:07+00:00","og_image":[{"url":"http:\/\/greatmotors.net\/wp\/wp-content\/uploads\/2015\/07\/taller-manteniment1.jpg"}],"twitter_card":"summary_large_image","twitter_misc":{"Tiempo de lectura":"1 minuto"},"schema":{"@context":"https:\/\/schema.org","@graph":[{"@type":"WebPage","@id":"https:\/\/greatmotors.net\/es\/servicio-taller\/","url":"https:\/\/greatmotors.net\/es\/servicio-taller\/","name":"Servicio taller - Great Motors","isPartOf":{"@id":"https:\/\/greatmotors.net\/#website"},"datePublished":"2015-07-21T07:31:29+00:00","dateModified":"2016-01-12T14:35:07+00:00","breadcrumb":{"@id":"https:\/\/greatmotors.net\/es\/servicio-taller\/#breadcrumb"},"inLanguage":"es","potentialAction":[{"@type":"ReadAction","target":["https:\/\/greatmotors.net\/es\/servicio-taller\/"]}]},{"@type":"BreadcrumbList","@id":"https:\/\/greatmotors.net\/es\/servicio-taller\/#breadcrumb","itemListElement":[{"@type":"ListItem","position":1,"name":"Inici","item":"https:\/\/greatmotors.net\/es\/"},{"@type":"ListItem","position":2,"name":"Servicio taller"}]},{"@type":"WebSite","@id":"https:\/\/greatmotors.net\/#website","url":"https:\/\/greatmotors.net\/","name":"Great Motors","description":"","potentialAction":[{"@type":"SearchAction","target":{"@type":"EntryPoint","urlTemplate":"https:\/\/greatmotors.net\/?s={search_term_string}"},"query-input":"required name=search_term_string"}],"inLanguage":"es"}]}},"_links":{"self":[{"href":"https:\/\/greatmotors.net\/es\/wp-json\/wp\/v2\/pages\/86","targetHints":{"allow":["GET"]}}],"collection":[{"href":"https:\/\/greatmotors.net\/es\/wp-json\/wp\/v2\/pages"}],"about":[{"href":"https:\/\/greatmotors.net\/es\/wp-json\/wp\/v2\/types\/page"}],"author":[{"embeddable":true,"href":"https:\/\/greatmotors.net\/es\/wp-json\/wp\/v2\/users\/1"}],"replies":[{"embeddable":true,"href":"https:\/\/greatmotors.net\/es\/wp-json\/wp\/v2\/comments?post=86"}],"version-history":[{"count":3,"href":"https:\/\/greatmotors.net\/es\/wp-json\/wp\/v2\/pages\/86\/revisions"}],"predecessor-version":[{"id":445,"href":"https:\/\/greatmotors.net\/es\/wp-json\/wp\/v2\/pages\/86\/revisions\/445"}],"wp:attachment":[{"href":"https:\/\/greatmotors.net\/es\/wp-json\/wp\/v2\/media?parent=86"}],"curies":[{"name":"wp","href":"https:\/\/api.w.org\/{rel}","templated":true}]}}