{"id":88,"date":"2015-07-21T09:32:01","date_gmt":"2015-07-21T07:32:01","guid":{"rendered":"http:\/\/greatmotors.net\/wp\/?page_id=88"},"modified":"2016-01-12T12:06:57","modified_gmt":"2016-01-12T11:06:57","slug":"altas-prestaciones","status":"publish","type":"page","link":"https:\/\/greatmotors.net\/es\/altas-prestaciones\/","title":{"rendered":"Altas prestaciones"},"content":{"rendered":"<div class=\"row prestacions\">\n<div class=\"col-xs-12 col-lg-6\">\n<h2>Somos especialistas en el mantenimiento y la reparaci\u00f3n de veh\u00edculos de alta gama<\/h2>\n<p><img loading=\"lazy\" decoding=\"async\" src=\"http:\/\/greatmotors.net\/wp\/wp-content\/uploads\/2015\/07\/prestacions-ferrari1.jpg\" alt=\"prestacions-ferrari\" width=\"1200\" height=\"600\" class=\"alignnone size-full wp-image-202\" srcset=\"https:\/\/greatmotors.net\/wp\/wp-content\/uploads\/2015\/07\/prestacions-ferrari1.jpg 1200w, https:\/\/greatmotors.net\/wp\/wp-content\/uploads\/2015\/07\/prestacions-ferrari1-400x200.jpg 400w\" sizes=\"auto, (max-width: 1200px) 100vw, 1200px\" \/><br \/>\nGracias a la experiencia de nuestro equipo en el mundo de la competici\u00f3n y al hecho de haber formado parte de los equipos t\u00e9cnicos de concesiones de marcas oficiales de veh\u00edculos de alto rendimiento, podemos realizar el diagn\u00f3stico, el mantenimiento y la reparaci\u00f3n de este tipo de veh\u00edculos tan especiales con las m\u00e1ximas garant\u00edas. Disponemos de los equipos de diagn\u00f3stico m\u00e1s avanzados y adecuados para veh\u00edculos de las marcas m\u00e1s exclusivas.\n<\/div>\n<div class=\"col-xs-12 col-lg-6\">\n<h2>Instalamos conjuntos de mejora del rendimiento y de personalizaci\u00f3n del veh\u00edculo<\/h2>\n<p><img loading=\"lazy\" decoding=\"async\" src=\"http:\/\/greatmotors.net\/wp\/wp-content\/uploads\/2015\/07\/prestacions-porsche1.jpg\" alt=\"prestacions-porsche\" width=\"1200\" height=\"600\" class=\"alignnone size-full wp-image-203\" srcset=\"https:\/\/greatmotors.net\/wp\/wp-content\/uploads\/2015\/07\/prestacions-porsche1.jpg 1200w, https:\/\/greatmotors.net\/wp\/wp-content\/uploads\/2015\/07\/prestacions-porsche1-400x200.jpg 400w\" sizes=\"auto, (max-width: 1200px) 100vw, 1200px\" \/><br \/>\nPodemos personalizar tu veh\u00edculo tanto en el aspecto t\u00e9cnico como est\u00e9tico, desde intervenciones puntuales en el mapa de la centralita hasta modificaciones aerodin\u00e1micas completas, juegos de frenos de competici\u00f3n o personalizaciones de los interiores.\n<\/div>\n<\/div>\n<div class=\"woo-sc-divider\"><\/div>\n<div class=\"row\">\n<div class=\"col-xs-12 col-sm-6 col-lg-3\">\n<img loading=\"lazy\" decoding=\"async\" src=\"http:\/\/greatmotors.net\/wp\/wp-content\/uploads\/2015\/07\/altes-kits-400x267.jpg\" alt=\"altes-kits\" width=\"400\" height=\"267\" class=\"alignright size-medium wp-image-346\" srcset=\"https:\/\/greatmotors.net\/wp\/wp-content\/uploads\/2015\/07\/altes-kits-400x267.jpg 400w, https:\/\/greatmotors.net\/wp\/wp-content\/uploads\/2015\/07\/altes-kits.jpg 1121w\" sizes=\"auto, (max-width: 400px) 100vw, 400px\" \/><\/p>\n<h2>Equipos de <br \/>potenciaci\u00f3n<\/h2>\n<p>Desde la modificaci\u00f3n del mapa de la unidad electr\u00f3nica del motor hasta sistemas de admisi\u00f3n modificados con turbocompresores de alto rendimiento y refrigeraci\u00f3n aumentada.\n<\/p><\/div>\n<div class=\"col-xs-12 col-sm-6 col-lg-3\">\n<img loading=\"lazy\" decoding=\"async\" src=\"http:\/\/greatmotors.net\/wp\/wp-content\/uploads\/2015\/07\/altes-aero-400x267.jpg\" alt=\"altes-aero\" width=\"400\" height=\"267\" class=\"alignright size-medium wp-image-344\" srcset=\"https:\/\/greatmotors.net\/wp\/wp-content\/uploads\/2015\/07\/altes-aero-400x267.jpg 400w, https:\/\/greatmotors.net\/wp\/wp-content\/uploads\/2015\/07\/altes-aero.jpg 500w\" sizes=\"auto, (max-width: 400px) 100vw, 400px\" \/><\/p>\n<h2>Preparaciones <br \/>aerodin\u00e1micas<\/h2>\n<p>Aportan un toque de exclusividad al veh\u00edculo externamente y, al mismo tiempo, mejoran el comportamiento din\u00e1mico a altas velocidades.\n<\/p><\/div>\n<div class=\"col-xs-12 col-sm-6 col-lg-3\">\n<img loading=\"lazy\" decoding=\"async\" src=\"http:\/\/greatmotors.net\/wp\/wp-content\/uploads\/2015\/07\/altes-tubs-400x266.jpg\" alt=\"altes-tubs\" width=\"400\" height=\"266\" class=\"alignright size-medium wp-image-347\" srcset=\"https:\/\/greatmotors.net\/wp\/wp-content\/uploads\/2015\/07\/altes-tubs-400x266.jpg 400w, https:\/\/greatmotors.net\/wp\/wp-content\/uploads\/2015\/07\/altes-tubs.jpg 598w\" sizes=\"auto, (max-width: 400px) 100vw, 400px\" \/><\/p>\n<h2>Conjuntos <br \/>de escape<\/h2>\n<p>Aumentan la capacidad de evacuaci\u00f3n de los humos y mejoran la respuesta del motor, todo ello acompa\u00f1ado de un sonido \u00fanico y m\u00e1s deportivo.\n<\/p><\/div>\n<div class=\"col-xs-12 col-sm-6 col-lg-3\">\n<img loading=\"lazy\" decoding=\"async\" src=\"http:\/\/greatmotors.net\/wp\/wp-content\/uploads\/2015\/07\/altes-frens-400x267.jpg\" alt=\"altes-frens\" width=\"400\" height=\"267\" class=\"alignright size-medium wp-image-345\" srcset=\"https:\/\/greatmotors.net\/wp\/wp-content\/uploads\/2015\/07\/altes-frens-400x267.jpg 400w, https:\/\/greatmotors.net\/wp\/wp-content\/uploads\/2015\/07\/altes-frens.jpg 800w\" sizes=\"auto, (max-width: 400px) 100vw, 400px\" \/><\/p>\n<h2>Juegos de frenos <br \/>y suspensiones<\/h2>\n<p>Mejoran las distancias de frenada y la estabilidad en la conducci\u00f3n m\u00e1s deportiva, algo muy recomendable en las potenciaciones m\u00e1s extremas.\n<\/p><\/div>\n<\/div>\n","protected":false},"excerpt":{"rendered":"<p>Somos especialistas en el mantenimiento y la reparaci\u00f3n de veh\u00edculos de alta gama Gracias a la experiencia de nuestro equipo en el mundo de la competici\u00f3n y al hecho de haber formado parte de los equipos t\u00e9cnicos de concesiones de [&hellip;]<\/p>\n","protected":false},"author":1,"featured_media":0,"parent":0,"menu_order":0,"comment_status":"closed","ping_status":"closed","template":"template-biz.php","meta":{"_mi_skip_tracking":false,"footnotes":""},"class_list":["post-88","page","type-page","status-publish","hentry"],"yoast_head":"<!-- This site is optimized with the Yoast SEO plugin v19.10 - https:\/\/yoast.com\/wordpress\/plugins\/seo\/ -->\n<title>Altas prestaciones - Great Motors<\/title>\n<meta name=\"robots\" content=\"index, follow, max-snippet:-1, max-image-preview:large, max-video-preview:-1\" \/>\n<link rel=\"canonical\" href=\"https:\/\/greatmotors.net\/es\/altas-prestaciones\/\" \/>\n<meta property=\"og:locale\" content=\"es_ES\" \/>\n<meta property=\"og:type\" content=\"article\" \/>\n<meta property=\"og:title\" content=\"Altas prestaciones - Great Motors\" \/>\n<meta property=\"og:description\" content=\"Somos especialistas en el mantenimiento y la reparaci\u00f3n de veh\u00edculos de alta gama Gracias a la experiencia de nuestro equipo en el mundo de la competici\u00f3n y al hecho de haber formado parte de los equipos t\u00e9cnicos de concesiones de [&hellip;]\" \/>\n<meta property=\"og:url\" content=\"https:\/\/greatmotors.net\/es\/altas-prestaciones\/\" \/>\n<meta property=\"og:site_name\" content=\"Great Motors\" \/>\n<meta property=\"article:publisher\" content=\"https:\/\/www.facebook.com\/GreatMotor\/\" \/>\n<meta property=\"article:modified_time\" content=\"2016-01-12T11:06:57+00:00\" \/>\n<meta property=\"og:image\" content=\"http:\/\/greatmotors.net\/wp\/wp-content\/uploads\/2015\/07\/prestacions-ferrari1.jpg\" \/>\n<meta name=\"twitter:card\" content=\"summary_large_image\" \/>\n<meta name=\"twitter:label1\" content=\"Tiempo de lectura\" \/>\n\t<meta name=\"twitter:data1\" content=\"1 minuto\" \/>\n<script type=\"application\/ld+json\" class=\"yoast-schema-graph\">{\"@context\":\"https:\/\/schema.org\",\"@graph\":[{\"@type\":\"WebPage\",\"@id\":\"https:\/\/greatmotors.net\/es\/altas-prestaciones\/\",\"url\":\"https:\/\/greatmotors.net\/es\/altas-prestaciones\/\",\"name\":\"Altas prestaciones - Great Motors\",\"isPartOf\":{\"@id\":\"https:\/\/greatmotors.net\/#website\"},\"datePublished\":\"2015-07-21T07:32:01+00:00\",\"dateModified\":\"2016-01-12T11:06:57+00:00\",\"breadcrumb\":{\"@id\":\"https:\/\/greatmotors.net\/es\/altas-prestaciones\/#breadcrumb\"},\"inLanguage\":\"es\",\"potentialAction\":[{\"@type\":\"ReadAction\",\"target\":[\"https:\/\/greatmotors.net\/es\/altas-prestaciones\/\"]}]},{\"@type\":\"BreadcrumbList\",\"@id\":\"https:\/\/greatmotors.net\/es\/altas-prestaciones\/#breadcrumb\",\"itemListElement\":[{\"@type\":\"ListItem\",\"position\":1,\"name\":\"Inici\",\"item\":\"https:\/\/greatmotors.net\/es\/\"},{\"@type\":\"ListItem\",\"position\":2,\"name\":\"Altas prestaciones\"}]},{\"@type\":\"WebSite\",\"@id\":\"https:\/\/greatmotors.net\/#website\",\"url\":\"https:\/\/greatmotors.net\/\",\"name\":\"Great Motors\",\"description\":\"\",\"potentialAction\":[{\"@type\":\"SearchAction\",\"target\":{\"@type\":\"EntryPoint\",\"urlTemplate\":\"https:\/\/greatmotors.net\/?s={search_term_string}\"},\"query-input\":\"required name=search_term_string\"}],\"inLanguage\":\"es\"}]}<\/script>\n<!-- \/ Yoast SEO plugin. -->","yoast_head_json":{"title":"Altas prestaciones - Great Motors","robots":{"index":"index","follow":"follow","max-snippet":"max-snippet:-1","max-image-preview":"max-image-preview:large","max-video-preview":"max-video-preview:-1"},"canonical":"https:\/\/greatmotors.net\/es\/altas-prestaciones\/","og_locale":"es_ES","og_type":"article","og_title":"Altas prestaciones - Great Motors","og_description":"Somos especialistas en el mantenimiento y la reparaci\u00f3n de veh\u00edculos de alta gama Gracias a la experiencia de nuestro equipo en el mundo de la competici\u00f3n y al hecho de haber formado parte de los equipos t\u00e9cnicos de concesiones de [&hellip;]","og_url":"https:\/\/greatmotors.net\/es\/altas-prestaciones\/","og_site_name":"Great Motors","article_publisher":"https:\/\/www.facebook.com\/GreatMotor\/","article_modified_time":"2016-01-12T11:06:57+00:00","og_image":[{"url":"http:\/\/greatmotors.net\/wp\/wp-content\/uploads\/2015\/07\/prestacions-ferrari1.jpg"}],"twitter_card":"summary_large_image","twitter_misc":{"Tiempo de lectura":"1 minuto"},"schema":{"@context":"https:\/\/schema.org","@graph":[{"@type":"WebPage","@id":"https:\/\/greatmotors.net\/es\/altas-prestaciones\/","url":"https:\/\/greatmotors.net\/es\/altas-prestaciones\/","name":"Altas prestaciones - Great Motors","isPartOf":{"@id":"https:\/\/greatmotors.net\/#website"},"datePublished":"2015-07-21T07:32:01+00:00","dateModified":"2016-01-12T11:06:57+00:00","breadcrumb":{"@id":"https:\/\/greatmotors.net\/es\/altas-prestaciones\/#breadcrumb"},"inLanguage":"es","potentialAction":[{"@type":"ReadAction","target":["https:\/\/greatmotors.net\/es\/altas-prestaciones\/"]}]},{"@type":"BreadcrumbList","@id":"https:\/\/greatmotors.net\/es\/altas-prestaciones\/#breadcrumb","itemListElement":[{"@type":"ListItem","position":1,"name":"Inici","item":"https:\/\/greatmotors.net\/es\/"},{"@type":"ListItem","position":2,"name":"Altas prestaciones"}]},{"@type":"WebSite","@id":"https:\/\/greatmotors.net\/#website","url":"https:\/\/greatmotors.net\/","name":"Great Motors","description":"","potentialAction":[{"@type":"SearchAction","target":{"@type":"EntryPoint","urlTemplate":"https:\/\/greatmotors.net\/?s={search_term_string}"},"query-input":"required name=search_term_string"}],"inLanguage":"es"}]}},"_links":{"self":[{"href":"https:\/\/greatmotors.net\/es\/wp-json\/wp\/v2\/pages\/88","targetHints":{"allow":["GET"]}}],"collection":[{"href":"https:\/\/greatmotors.net\/es\/wp-json\/wp\/v2\/pages"}],"about":[{"href":"https:\/\/greatmotors.net\/es\/wp-json\/wp\/v2\/types\/page"}],"author":[{"embeddable":true,"href":"https:\/\/greatmotors.net\/es\/wp-json\/wp\/v2\/users\/1"}],"replies":[{"embeddable":true,"href":"https:\/\/greatmotors.net\/es\/wp-json\/wp\/v2\/comments?post=88"}],"version-history":[{"count":4,"href":"https:\/\/greatmotors.net\/es\/wp-json\/wp\/v2\/pages\/88\/revisions"}],"predecessor-version":[{"id":453,"href":"https:\/\/greatmotors.net\/es\/wp-json\/wp\/v2\/pages\/88\/revisions\/453"}],"wp:attachment":[{"href":"https:\/\/greatmotors.net\/es\/wp-json\/wp\/v2\/media?parent=88"}],"curies":[{"name":"wp","href":"https:\/\/api.w.org\/{rel}","templated":true}]}}